{"id":920,"date":"2022-06-14T19:59:59","date_gmt":"2022-06-14T17:59:59","guid":{"rendered":"https:\/\/gpslonger.hu\/?page_id=920"},"modified":"2026-04-14T23:35:55","modified_gmt":"2026-04-14T21:35:55","slug":"szinkron","status":"publish","type":"page","link":"https:\/\/gpslonger.hu\/index.php\/szinkron\/","title":{"rendered":"Szinkron"},"content":{"rendered":"\n<div class=\"wp-block-columns has-border-color has-cyan-bluish-gray-border-color has-background is-layout-flex wp-container-core-columns-is-layout-28f84493 wp-block-columns-is-layout-flex\" style=\"border-style:solid;border-radius:27px;background-color:#e2e2e7\">\n<div class=\"wp-block-column is-layout-flow wp-block-column-is-layout-flow\">\n<p class=\"has-large-font-size\"><strong>Jelz\u0151l\u00e1mpa szinkron id\u0151<\/strong><\/p>\n\n\n\n<p class=\"has-link-color wp-elements-5b804bed8a036adb0b5d1a74363267b9\"><strong><em>Let\u00f6lt\u00e9s:<\/em><\/strong> <a href=\"https:\/\/gpslonger.hu\/gps_upload\/Szinkron_3.0.apk\"><strong>Szinkron_3.0<\/strong><\/a>.apk<\/p>\n\n\n\n<p><\/p>\n\n\n\n<p>Jelz\u0151l\u00e1mpa vez\u00e9rl\u0151 k\u00f6zpont helysz\u00edni szinkronidej\u00e9nek aktu\u00e1lis kijelz\u00e9s\u00e9re alkalmas ingyenes Android alkalmaz\u00e1s. 3 db ciklusid\u0151, valamint a helysz\u00edni &#8222;offset&#8221; be\u00e1ll\u00edthat\u00f3. Id\u0151kijelz\u00e9s az UTM rendszerid\u0151h\u00f6z szinkroniz\u00e1l.<\/p>\n<\/div>\n\n\n\n<div class=\"wp-block-column is-layout-flow wp-block-column-is-layout-flow\">\n<figure class=\"wp-block-image size-medium\"><img loading=\"lazy\" decoding=\"async\" width=\"169\" height=\"300\" src=\"https:\/\/gpslonger.hu\/wp-content\/uploads\/2022\/06\/Szinkron-169x300.png\" alt=\"\" class=\"wp-image-923\" srcset=\"https:\/\/gpslonger.hu\/wp-content\/uploads\/2022\/06\/Szinkron-169x300.png 169w, https:\/\/gpslonger.hu\/wp-content\/uploads\/2022\/06\/Szinkron-576x1024.png 576w, https:\/\/gpslonger.hu\/wp-content\/uploads\/2022\/06\/Szinkron-768x1365.png 768w, https:\/\/gpslonger.hu\/wp-content\/uploads\/2022\/06\/Szinkron-864x1536.png 864w, https:\/\/gpslonger.hu\/wp-content\/uploads\/2022\/06\/Szinkron.png 1080w\" sizes=\"auto, (max-width: 169px) 100vw, 169px\" \/><\/figure>\n<\/div>\n<\/div>\n","protected":false},"excerpt":{"rendered":"<p>Jelz\u0151l\u00e1mpa szinkron id\u0151 Let\u00f6lt\u00e9s: Szinkron_3.0.apk Jelz\u0151l\u00e1mpa vez\u00e9rl\u0151 k\u00f6zpont helysz\u00edni szinkronidej\u00e9nek aktu\u00e1lis kijelz\u00e9s\u00e9re alkalmas ingyenes Android alkalmaz\u00e1s. 3 db ciklusid\u0151, valamint a helysz\u00edni &#8222;offset&#8221; be\u00e1ll\u00edthat\u00f3. Id\u0151kijelz\u00e9s az UTM rendszerid\u0151h\u00f6z szinkroniz\u00e1l.<\/p>\n","protected":false},"author":1,"featured_media":0,"parent":0,"menu_order":5,"comment_status":"closed","ping_status":"closed","template":"page-no-separators","meta":{"footnotes":""},"class_list":["post-920","page","type-page","status-publish","hentry"],"yoast_head":"<!-- This site is optimized with the Yoast SEO plugin v27.3 - https:\/\/yoast.com\/product\/yoast-seo-wordpress\/ -->\n<title>Szinkron - GPS Longer<\/title>\n<meta name=\"robots\" content=\"index, follow, max-snippet:-1, max-image-preview:large, max-video-preview:-1\" \/>\n<link rel=\"canonical\" href=\"https:\/\/gpslonger.hu\/index.php\/szinkron\/\" \/>\n<script type=\"application\/ld+json\" class=\"yoast-schema-graph\">{\"@context\":\"https:\\\/\\\/schema.org\",\"@graph\":[{\"@type\":\"WebPage\",\"@id\":\"https:\\\/\\\/gpslonger.hu\\\/index.php\\\/szinkron\\\/\",\"url\":\"https:\\\/\\\/gpslonger.hu\\\/index.php\\\/szinkron\\\/\",\"name\":\"Szinkron - GPS Longer\",\"isPartOf\":{\"@id\":\"https:\\\/\\\/gpslonger.hu\\\/#website\"},\"primaryImageOfPage\":{\"@id\":\"https:\\\/\\\/gpslonger.hu\\\/index.php\\\/szinkron\\\/#primaryimage\"},\"image\":{\"@id\":\"https:\\\/\\\/gpslonger.hu\\\/index.php\\\/szinkron\\\/#primaryimage\"},\"thumbnailUrl\":\"https:\\\/\\\/gpslonger.hu\\\/wp-content\\\/uploads\\\/2022\\\/06\\\/Szinkron-169x300.png\",\"datePublished\":\"2022-06-14T17:59:59+00:00\",\"dateModified\":\"2026-04-14T21:35:55+00:00\",\"breadcrumb\":{\"@id\":\"https:\\\/\\\/gpslonger.hu\\\/index.php\\\/szinkron\\\/#breadcrumb\"},\"inLanguage\":\"hu\",\"potentialAction\":[{\"@type\":\"ReadAction\",\"target\":[\"https:\\\/\\\/gpslonger.hu\\\/index.php\\\/szinkron\\\/\"]}]},{\"@type\":\"ImageObject\",\"inLanguage\":\"hu\",\"@id\":\"https:\\\/\\\/gpslonger.hu\\\/index.php\\\/szinkron\\\/#primaryimage\",\"url\":\"https:\\\/\\\/gpslonger.hu\\\/wp-content\\\/uploads\\\/2022\\\/06\\\/Szinkron.png\",\"contentUrl\":\"https:\\\/\\\/gpslonger.hu\\\/wp-content\\\/uploads\\\/2022\\\/06\\\/Szinkron.png\",\"width\":1080,\"height\":1920},{\"@type\":\"BreadcrumbList\",\"@id\":\"https:\\\/\\\/gpslonger.hu\\\/index.php\\\/szinkron\\\/#breadcrumb\",\"itemListElement\":[{\"@type\":\"ListItem\",\"position\":1,\"name\":\"Kezd\u0151lap\",\"item\":\"https:\\\/\\\/gpslonger.hu\\\/\"},{\"@type\":\"ListItem\",\"position\":2,\"name\":\"Szinkron\"}]},{\"@type\":\"WebSite\",\"@id\":\"https:\\\/\\\/gpslonger.hu\\\/#website\",\"url\":\"https:\\\/\\\/gpslonger.hu\\\/\",\"name\":\"GPSLonger\",\"description\":\"K\u00f6z\u00fati helymeghat\u00e1roz\u00e1s, szelv\u00e9nyez\u00e9s\",\"publisher\":{\"@id\":\"https:\\\/\\\/gpslonger.hu\\\/#organization\"},\"potentialAction\":[{\"@type\":\"SearchAction\",\"target\":{\"@type\":\"EntryPoint\",\"urlTemplate\":\"https:\\\/\\\/gpslonger.hu\\\/?s={search_term_string}\"},\"query-input\":{\"@type\":\"PropertyValueSpecification\",\"valueRequired\":true,\"valueName\":\"search_term_string\"}}],\"inLanguage\":\"hu\"},{\"@type\":\"Organization\",\"@id\":\"https:\\\/\\\/gpslonger.hu\\\/#organization\",\"name\":\"GPSLonger\",\"url\":\"https:\\\/\\\/gpslonger.hu\\\/\",\"logo\":{\"@type\":\"ImageObject\",\"inLanguage\":\"hu\",\"@id\":\"https:\\\/\\\/gpslonger.hu\\\/#\\\/schema\\\/logo\\\/image\\\/\",\"url\":\"https:\\\/\\\/gpslonger.hu\\\/wp-content\\\/uploads\\\/2022\\\/04\\\/cropped-cropped-LD_Km_logo_250-e1650109904881.png\",\"contentUrl\":\"https:\\\/\\\/gpslonger.hu\\\/wp-content\\\/uploads\\\/2022\\\/04\\\/cropped-cropped-LD_Km_logo_250-e1650109904881.png\",\"width\":286,\"height\":250,\"caption\":\"GPSLonger\"},\"image\":{\"@id\":\"https:\\\/\\\/gpslonger.hu\\\/#\\\/schema\\\/logo\\\/image\\\/\"}}]}<\/script>\n<!-- \/ Yoast SEO plugin. -->","yoast_head_json":{"title":"Szinkron - GPS Longer","robots":{"index":"index","follow":"follow","max-snippet":"max-snippet:-1","max-image-preview":"max-image-preview:large","max-video-preview":"max-video-preview:-1"},"canonical":"https:\/\/gpslonger.hu\/index.php\/szinkron\/","schema":{"@context":"https:\/\/schema.org","@graph":[{"@type":"WebPage","@id":"https:\/\/gpslonger.hu\/index.php\/szinkron\/","url":"https:\/\/gpslonger.hu\/index.php\/szinkron\/","name":"Szinkron - GPS Longer","isPartOf":{"@id":"https:\/\/gpslonger.hu\/#website"},"primaryImageOfPage":{"@id":"https:\/\/gpslonger.hu\/index.php\/szinkron\/#primaryimage"},"image":{"@id":"https:\/\/gpslonger.hu\/index.php\/szinkron\/#primaryimage"},"thumbnailUrl":"https:\/\/gpslonger.hu\/wp-content\/uploads\/2022\/06\/Szinkron-169x300.png","datePublished":"2022-06-14T17:59:59+00:00","dateModified":"2026-04-14T21:35:55+00:00","breadcrumb":{"@id":"https:\/\/gpslonger.hu\/index.php\/szinkron\/#breadcrumb"},"inLanguage":"hu","potentialAction":[{"@type":"ReadAction","target":["https:\/\/gpslonger.hu\/index.php\/szinkron\/"]}]},{"@type":"ImageObject","inLanguage":"hu","@id":"https:\/\/gpslonger.hu\/index.php\/szinkron\/#primaryimage","url":"https:\/\/gpslonger.hu\/wp-content\/uploads\/2022\/06\/Szinkron.png","contentUrl":"https:\/\/gpslonger.hu\/wp-content\/uploads\/2022\/06\/Szinkron.png","width":1080,"height":1920},{"@type":"BreadcrumbList","@id":"https:\/\/gpslonger.hu\/index.php\/szinkron\/#breadcrumb","itemListElement":[{"@type":"ListItem","position":1,"name":"Kezd\u0151lap","item":"https:\/\/gpslonger.hu\/"},{"@type":"ListItem","position":2,"name":"Szinkron"}]},{"@type":"WebSite","@id":"https:\/\/gpslonger.hu\/#website","url":"https:\/\/gpslonger.hu\/","name":"GPSLonger","description":"K\u00f6z\u00fati helymeghat\u00e1roz\u00e1s, szelv\u00e9nyez\u00e9s","publisher":{"@id":"https:\/\/gpslonger.hu\/#organization"},"potentialAction":[{"@type":"SearchAction","target":{"@type":"EntryPoint","urlTemplate":"https:\/\/gpslonger.hu\/?s={search_term_string}"},"query-input":{"@type":"PropertyValueSpecification","valueRequired":true,"valueName":"search_term_string"}}],"inLanguage":"hu"},{"@type":"Organization","@id":"https:\/\/gpslonger.hu\/#organization","name":"GPSLonger","url":"https:\/\/gpslonger.hu\/","logo":{"@type":"ImageObject","inLanguage":"hu","@id":"https:\/\/gpslonger.hu\/#\/schema\/logo\/image\/","url":"https:\/\/gpslonger.hu\/wp-content\/uploads\/2022\/04\/cropped-cropped-LD_Km_logo_250-e1650109904881.png","contentUrl":"https:\/\/gpslonger.hu\/wp-content\/uploads\/2022\/04\/cropped-cropped-LD_Km_logo_250-e1650109904881.png","width":286,"height":250,"caption":"GPSLonger"},"image":{"@id":"https:\/\/gpslonger.hu\/#\/schema\/logo\/image\/"}}]}},"_links":{"self":[{"href":"https:\/\/gpslonger.hu\/index.php\/wp-json\/wp\/v2\/pages\/920","targetHints":{"allow":["GET"]}}],"collection":[{"href":"https:\/\/gpslonger.hu\/index.php\/wp-json\/wp\/v2\/pages"}],"about":[{"href":"https:\/\/gpslonger.hu\/index.php\/wp-json\/wp\/v2\/types\/page"}],"author":[{"embeddable":true,"href":"https:\/\/gpslonger.hu\/index.php\/wp-json\/wp\/v2\/users\/1"}],"replies":[{"embeddable":true,"href":"https:\/\/gpslonger.hu\/index.php\/wp-json\/wp\/v2\/comments?post=920"}],"version-history":[{"count":24,"href":"https:\/\/gpslonger.hu\/index.php\/wp-json\/wp\/v2\/pages\/920\/revisions"}],"predecessor-version":[{"id":1670,"href":"https:\/\/gpslonger.hu\/index.php\/wp-json\/wp\/v2\/pages\/920\/revisions\/1670"}],"wp:attachment":[{"href":"https:\/\/gpslonger.hu\/index.php\/wp-json\/wp\/v2\/media?parent=920"}],"curies":[{"name":"wp","href":"https:\/\/api.w.org\/{rel}","templated":true}]}}