{"id":472,"date":"2022-04-18T21:15:13","date_gmt":"2022-04-18T19:15:13","guid":{"rendered":"https:\/\/gpslonger.hu\/?page_id=472"},"modified":"2026-04-14T23:54:37","modified_gmt":"2026-04-14T21:54:37","slug":"terepdroid","status":"publish","type":"page","link":"https:\/\/gpslonger.hu\/index.php\/terepdroid\/","title":{"rendered":"TerepDroid"},"content":{"rendered":"\n<div class=\"wp-block-group is-layout-flow wp-block-group-is-layout-flow\">\n<div class=\"wp-block-columns is-layout-flex wp-container-core-columns-is-layout-28f84493 wp-block-columns-is-layout-flex\">\n<div class=\"wp-block-column is-layout-flow wp-block-column-is-layout-flow\" style=\"flex-basis:100%\">\n<div class=\"wp-block-group has-border-color has-cyan-bluish-gray-border-color has-background is-layout-flow wp-block-group-is-layout-flow\" style=\"border-style:solid;border-radius:25px;background-color:#e2e2e7\">\n<div class=\"wp-block-columns is-layout-flex wp-container-core-columns-is-layout-28f84493 wp-block-columns-is-layout-flex\">\n<div class=\"wp-block-column is-layout-flow wp-block-column-is-layout-flow\">\n<p class=\"has-large-font-size\" style=\"font-style:normal;font-weight:700;letter-spacing:0px\">TerepDroid Android alkalmaz\u00e1s<\/p>\n\n\n\n<p class=\"has-link-color wp-elements-85a44700d01094894691ff58238dd34a\"><strong><em>Let\u00f6lt\u00e9s:<\/em><\/strong> <a href=\"https:\/\/gpslonger.hu\/gps_upload\/TerepDroid_2.0.apk\"><strong>TerepDroid_2.0<\/strong><\/a>.apk<\/p>\n\n\n\n<p class=\"has-text-align-left\">Ingyenes Android alkalmaz\u00e1s a legfontosabb GPS adatok -id\u0151pont, WGS-EOV koordin\u00e1t\u00e1k, magass\u00e1g, kijelz\u00e9s pontoss\u00e1ga, tal\u00e1lt m\u0171holdak sz\u00e1ma, sebess\u00e9g- kijelz\u00e9s\u00e9n t\u00fal nyomvonal r\u00f6gz\u00edt\u00e9s\u00e9re alkalmas. \u201eTEREP START\u201d-al indul a nyomvonal r\u00f6gz\u00edt\u00e9se, \u201eSTOP\u201d meg\u00e9rint\u00e9s\u00e9vel le\u00e1ll. A k\u00e9sz\u00fcl\u00e9k a \u201eDocuments\/TerepDroid\u201d mapp\u00e1ba \u201ekml\u201d form\u00e1tumban menti a nyomvonal WGS koordin\u00e1ta adatait.<\/p>\n<\/div>\n\n\n\n<div class=\"wp-block-column is-layout-flow wp-block-column-is-layout-flow\">\n<figure class=\"wp-block-image alignleft size-medium\"><img loading=\"lazy\" decoding=\"async\" width=\"180\" height=\"300\" src=\"https:\/\/gpslonger.hu\/wp-content\/uploads\/2022\/04\/TerepDroid-1.4-180x300.png\" alt=\"\" class=\"wp-image-475\" srcset=\"https:\/\/gpslonger.hu\/wp-content\/uploads\/2022\/04\/TerepDroid-1.4-180x300.png 180w, https:\/\/gpslonger.hu\/wp-content\/uploads\/2022\/04\/TerepDroid-1.4.png 480w\" sizes=\"auto, (max-width: 180px) 100vw, 180px\" \/><\/figure>\n<\/div>\n<\/div>\n<\/div>\n<\/div>\n<\/div>\n<\/div>\n","protected":false},"excerpt":{"rendered":"<p>TerepDroid Android alkalmaz\u00e1s Let\u00f6lt\u00e9s: TerepDroid_2.0.apk Ingyenes Android alkalmaz\u00e1s a legfontosabb GPS adatok -id\u0151pont, WGS-EOV koordin\u00e1t\u00e1k, magass\u00e1g, kijelz\u00e9s pontoss\u00e1ga, tal\u00e1lt m\u0171holdak sz\u00e1ma, sebess\u00e9g- kijelz\u00e9s\u00e9n t\u00fal nyomvonal r\u00f6gz\u00edt\u00e9s\u00e9re alkalmas. \u201eTEREP START\u201d-al indul a nyomvonal r\u00f6gz\u00edt\u00e9se, \u201eSTOP\u201d meg\u00e9rint\u00e9s\u00e9vel le\u00e1ll. A k\u00e9sz\u00fcl\u00e9k a \u201eDocuments\/TerepDroid\u201d mapp\u00e1ba \u201ekml\u201d form\u00e1tumban menti a nyomvonal WGS koordin\u00e1ta adatait.<\/p>\n","protected":false},"author":1,"featured_media":0,"parent":0,"menu_order":3,"comment_status":"closed","ping_status":"closed","template":"page-no-separators","meta":{"footnotes":""},"class_list":["post-472","page","type-page","status-publish","hentry"],"yoast_head":"<!-- This site is optimized with the Yoast SEO plugin v27.3 - https:\/\/yoast.com\/product\/yoast-seo-wordpress\/ -->\n<title>TerepDroid - GPS Longer<\/title>\n<meta name=\"robots\" content=\"index, follow, max-snippet:-1, max-image-preview:large, max-video-preview:-1\" \/>\n<link rel=\"canonical\" href=\"https:\/\/gpslonger.hu\/index.php\/terepdroid\/\" \/>\n<script type=\"application\/ld+json\" class=\"yoast-schema-graph\">{\"@context\":\"https:\\\/\\\/schema.org\",\"@graph\":[{\"@type\":\"WebPage\",\"@id\":\"https:\\\/\\\/gpslonger.hu\\\/index.php\\\/terepdroid\\\/\",\"url\":\"https:\\\/\\\/gpslonger.hu\\\/index.php\\\/terepdroid\\\/\",\"name\":\"TerepDroid - GPS Longer\",\"isPartOf\":{\"@id\":\"https:\\\/\\\/gpslonger.hu\\\/#website\"},\"primaryImageOfPage\":{\"@id\":\"https:\\\/\\\/gpslonger.hu\\\/index.php\\\/terepdroid\\\/#primaryimage\"},\"image\":{\"@id\":\"https:\\\/\\\/gpslonger.hu\\\/index.php\\\/terepdroid\\\/#primaryimage\"},\"thumbnailUrl\":\"https:\\\/\\\/gpslonger.hu\\\/wp-content\\\/uploads\\\/2022\\\/04\\\/TerepDroid-1.4-180x300.png\",\"datePublished\":\"2022-04-18T19:15:13+00:00\",\"dateModified\":\"2026-04-14T21:54:37+00:00\",\"breadcrumb\":{\"@id\":\"https:\\\/\\\/gpslonger.hu\\\/index.php\\\/terepdroid\\\/#breadcrumb\"},\"inLanguage\":\"hu\",\"potentialAction\":[{\"@type\":\"ReadAction\",\"target\":[\"https:\\\/\\\/gpslonger.hu\\\/index.php\\\/terepdroid\\\/\"]}]},{\"@type\":\"ImageObject\",\"inLanguage\":\"hu\",\"@id\":\"https:\\\/\\\/gpslonger.hu\\\/index.php\\\/terepdroid\\\/#primaryimage\",\"url\":\"https:\\\/\\\/gpslonger.hu\\\/wp-content\\\/uploads\\\/2022\\\/04\\\/TerepDroid-1.4.png\",\"contentUrl\":\"https:\\\/\\\/gpslonger.hu\\\/wp-content\\\/uploads\\\/2022\\\/04\\\/TerepDroid-1.4.png\",\"width\":480,\"height\":800},{\"@type\":\"BreadcrumbList\",\"@id\":\"https:\\\/\\\/gpslonger.hu\\\/index.php\\\/terepdroid\\\/#breadcrumb\",\"itemListElement\":[{\"@type\":\"ListItem\",\"position\":1,\"name\":\"Kezd\u0151lap\",\"item\":\"https:\\\/\\\/gpslonger.hu\\\/\"},{\"@type\":\"ListItem\",\"position\":2,\"name\":\"TerepDroid\"}]},{\"@type\":\"WebSite\",\"@id\":\"https:\\\/\\\/gpslonger.hu\\\/#website\",\"url\":\"https:\\\/\\\/gpslonger.hu\\\/\",\"name\":\"GPSLonger\",\"description\":\"K\u00f6z\u00fati helymeghat\u00e1roz\u00e1s, szelv\u00e9nyez\u00e9s\",\"publisher\":{\"@id\":\"https:\\\/\\\/gpslonger.hu\\\/#organization\"},\"potentialAction\":[{\"@type\":\"SearchAction\",\"target\":{\"@type\":\"EntryPoint\",\"urlTemplate\":\"https:\\\/\\\/gpslonger.hu\\\/?s={search_term_string}\"},\"query-input\":{\"@type\":\"PropertyValueSpecification\",\"valueRequired\":true,\"valueName\":\"search_term_string\"}}],\"inLanguage\":\"hu\"},{\"@type\":\"Organization\",\"@id\":\"https:\\\/\\\/gpslonger.hu\\\/#organization\",\"name\":\"GPSLonger\",\"url\":\"https:\\\/\\\/gpslonger.hu\\\/\",\"logo\":{\"@type\":\"ImageObject\",\"inLanguage\":\"hu\",\"@id\":\"https:\\\/\\\/gpslonger.hu\\\/#\\\/schema\\\/logo\\\/image\\\/\",\"url\":\"https:\\\/\\\/gpslonger.hu\\\/wp-content\\\/uploads\\\/2022\\\/04\\\/cropped-cropped-LD_Km_logo_250-e1650109904881.png\",\"contentUrl\":\"https:\\\/\\\/gpslonger.hu\\\/wp-content\\\/uploads\\\/2022\\\/04\\\/cropped-cropped-LD_Km_logo_250-e1650109904881.png\",\"width\":286,\"height\":250,\"caption\":\"GPSLonger\"},\"image\":{\"@id\":\"https:\\\/\\\/gpslonger.hu\\\/#\\\/schema\\\/logo\\\/image\\\/\"}}]}<\/script>\n<!-- \/ Yoast SEO plugin. -->","yoast_head_json":{"title":"TerepDroid - GPS Longer","robots":{"index":"index","follow":"follow","max-snippet":"max-snippet:-1","max-image-preview":"max-image-preview:large","max-video-preview":"max-video-preview:-1"},"canonical":"https:\/\/gpslonger.hu\/index.php\/terepdroid\/","schema":{"@context":"https:\/\/schema.org","@graph":[{"@type":"WebPage","@id":"https:\/\/gpslonger.hu\/index.php\/terepdroid\/","url":"https:\/\/gpslonger.hu\/index.php\/terepdroid\/","name":"TerepDroid - GPS Longer","isPartOf":{"@id":"https:\/\/gpslonger.hu\/#website"},"primaryImageOfPage":{"@id":"https:\/\/gpslonger.hu\/index.php\/terepdroid\/#primaryimage"},"image":{"@id":"https:\/\/gpslonger.hu\/index.php\/terepdroid\/#primaryimage"},"thumbnailUrl":"https:\/\/gpslonger.hu\/wp-content\/uploads\/2022\/04\/TerepDroid-1.4-180x300.png","datePublished":"2022-04-18T19:15:13+00:00","dateModified":"2026-04-14T21:54:37+00:00","breadcrumb":{"@id":"https:\/\/gpslonger.hu\/index.php\/terepdroid\/#breadcrumb"},"inLanguage":"hu","potentialAction":[{"@type":"ReadAction","target":["https:\/\/gpslonger.hu\/index.php\/terepdroid\/"]}]},{"@type":"ImageObject","inLanguage":"hu","@id":"https:\/\/gpslonger.hu\/index.php\/terepdroid\/#primaryimage","url":"https:\/\/gpslonger.hu\/wp-content\/uploads\/2022\/04\/TerepDroid-1.4.png","contentUrl":"https:\/\/gpslonger.hu\/wp-content\/uploads\/2022\/04\/TerepDroid-1.4.png","width":480,"height":800},{"@type":"BreadcrumbList","@id":"https:\/\/gpslonger.hu\/index.php\/terepdroid\/#breadcrumb","itemListElement":[{"@type":"ListItem","position":1,"name":"Kezd\u0151lap","item":"https:\/\/gpslonger.hu\/"},{"@type":"ListItem","position":2,"name":"TerepDroid"}]},{"@type":"WebSite","@id":"https:\/\/gpslonger.hu\/#website","url":"https:\/\/gpslonger.hu\/","name":"GPSLonger","description":"K\u00f6z\u00fati helymeghat\u00e1roz\u00e1s, szelv\u00e9nyez\u00e9s","publisher":{"@id":"https:\/\/gpslonger.hu\/#organization"},"potentialAction":[{"@type":"SearchAction","target":{"@type":"EntryPoint","urlTemplate":"https:\/\/gpslonger.hu\/?s={search_term_string}"},"query-input":{"@type":"PropertyValueSpecification","valueRequired":true,"valueName":"search_term_string"}}],"inLanguage":"hu"},{"@type":"Organization","@id":"https:\/\/gpslonger.hu\/#organization","name":"GPSLonger","url":"https:\/\/gpslonger.hu\/","logo":{"@type":"ImageObject","inLanguage":"hu","@id":"https:\/\/gpslonger.hu\/#\/schema\/logo\/image\/","url":"https:\/\/gpslonger.hu\/wp-content\/uploads\/2022\/04\/cropped-cropped-LD_Km_logo_250-e1650109904881.png","contentUrl":"https:\/\/gpslonger.hu\/wp-content\/uploads\/2022\/04\/cropped-cropped-LD_Km_logo_250-e1650109904881.png","width":286,"height":250,"caption":"GPSLonger"},"image":{"@id":"https:\/\/gpslonger.hu\/#\/schema\/logo\/image\/"}}]}},"_links":{"self":[{"href":"https:\/\/gpslonger.hu\/index.php\/wp-json\/wp\/v2\/pages\/472","targetHints":{"allow":["GET"]}}],"collection":[{"href":"https:\/\/gpslonger.hu\/index.php\/wp-json\/wp\/v2\/pages"}],"about":[{"href":"https:\/\/gpslonger.hu\/index.php\/wp-json\/wp\/v2\/types\/page"}],"author":[{"embeddable":true,"href":"https:\/\/gpslonger.hu\/index.php\/wp-json\/wp\/v2\/users\/1"}],"replies":[{"embeddable":true,"href":"https:\/\/gpslonger.hu\/index.php\/wp-json\/wp\/v2\/comments?post=472"}],"version-history":[{"count":45,"href":"https:\/\/gpslonger.hu\/index.php\/wp-json\/wp\/v2\/pages\/472\/revisions"}],"predecessor-version":[{"id":1673,"href":"https:\/\/gpslonger.hu\/index.php\/wp-json\/wp\/v2\/pages\/472\/revisions\/1673"}],"wp:attachment":[{"href":"https:\/\/gpslonger.hu\/index.php\/wp-json\/wp\/v2\/media?parent=472"}],"curies":[{"name":"wp","href":"https:\/\/api.w.org\/{rel}","templated":true}]}}