{"id":155,"date":"2022-04-15T14:25:56","date_gmt":"2022-04-15T12:25:56","guid":{"rendered":"https:\/\/gpslonger.hu\/?page_id=155"},"modified":"2026-04-15T10:54:10","modified_gmt":"2026-04-15T08:54:10","slug":"gps-longer-keszulek","status":"publish","type":"page","link":"https:\/\/gpslonger.hu\/index.php\/gps-longer-keszulek\/","title":{"rendered":"GPS Longer"},"content":{"rendered":"\n<div class=\"wp-block-columns is-layout-flex wp-container-core-columns-is-layout-28f84493 wp-block-columns-is-layout-flex\">\n<div class=\"wp-block-column is-vertically-aligned-center is-layout-flow wp-block-column-is-layout-flow\" style=\"flex-basis:100%\">\n<div class=\"wp-block-group has-border-color has-cyan-bluish-gray-border-color has-background is-layout-flow wp-block-group-is-layout-flow\" style=\"border-style:solid;border-radius:27px;background-color:#e2e7e7\">\n<div class=\"wp-block-group is-layout-flow wp-block-group-is-layout-flow\">\n<div class=\"wp-block-group is-layout-flow wp-block-group-is-layout-flow\">\n<div class=\"wp-block-columns is-layout-flex wp-container-core-columns-is-layout-28f84493 wp-block-columns-is-layout-flex\">\n<div class=\"wp-block-column is-vertically-aligned-top is-layout-flow wp-block-column-is-layout-flow\">\n<p class=\"has-large-font-size\" style=\"font-style:normal;font-weight:800;text-transform:capitalize\"><strong>GPS Longer<\/strong><\/p>\n\n\n\n<p class=\"has-link-color has-medium-font-size wp-elements-f1361f81cb31bdba6fae3aa84f18241a\"><strong><em>Let\u00f6lt\u00e9s: <\/em><\/strong><a href=\"https:\/\/gpslonger.hu\/gps_upload\/GPS_Longer_Frissites_2024_07_01.zip\"><strong>GPS_Longer_2024_07_01<\/strong><\/a>.zip<\/p>\n\n\n\n<p>Els\u0151 gener\u00e1ci\u00f3s GPS alap\u00fa, terepi k\u00f6z\u00fati helyazonos\u00edt\u00e1sra 2007 \u00e9vben orsz\u00e1gosan bevezetett k\u00e9sz\u00fcl\u00e9k. \u00daj k\u00e9sz\u00fcl\u00e9kek gy\u00e1rt\u00e1sa m\u00e1r nem lehets\u00e9ges, de jav\u00edt\u00e1suk rendelhet\u0151.<\/p>\n<\/div>\n\n\n\n<div class=\"wp-block-column is-layout-flow wp-block-column-is-layout-flow\">\n<figure class=\"wp-block-image alignleft size-full is-resized has-custom-border is-style-default\"><img loading=\"lazy\" decoding=\"async\" width=\"362\" height=\"202\" src=\"https:\/\/gpslonger.hu\/wp-content\/uploads\/2022\/04\/GPS-Longer-e1650056385846.jpg\" alt=\"\" class=\"wp-image-191\" style=\"border-radius:0px;aspect-ratio:1.7989949748743719;width:371px;height:auto\" srcset=\"https:\/\/gpslonger.hu\/wp-content\/uploads\/2022\/04\/GPS-Longer-e1650056385846.jpg 362w, https:\/\/gpslonger.hu\/wp-content\/uploads\/2022\/04\/GPS-Longer-e1650056385846-300x167.jpg 300w\" sizes=\"auto, (max-width: 362px) 100vw, 362px\" \/><\/figure>\n<\/div>\n<\/div>\n<\/div>\n<\/div>\n<\/div>\n<\/div>\n<\/div>\n","protected":false},"excerpt":{"rendered":"<p>GPS Longer Let\u00f6lt\u00e9s: GPS_Longer_2024_07_01.zip Els\u0151 gener\u00e1ci\u00f3s GPS alap\u00fa, terepi k\u00f6z\u00fati helyazonos\u00edt\u00e1sra 2007 \u00e9vben orsz\u00e1gosan bevezetett k\u00e9sz\u00fcl\u00e9k. \u00daj k\u00e9sz\u00fcl\u00e9kek gy\u00e1rt\u00e1sa m\u00e1r nem lehets\u00e9ges, de jav\u00edt\u00e1suk rendelhet\u0151.<\/p>\n","protected":false},"author":1,"featured_media":0,"parent":0,"menu_order":6,"comment_status":"closed","ping_status":"closed","template":"page-no-separators","meta":{"footnotes":""},"class_list":["post-155","page","type-page","status-publish","hentry"],"yoast_head":"<!-- This site is optimized with the Yoast SEO plugin v27.3 - https:\/\/yoast.com\/product\/yoast-seo-wordpress\/ -->\n<title>GPS Longer - GPS Longer<\/title>\n<meta name=\"robots\" content=\"index, follow, max-snippet:-1, max-image-preview:large, max-video-preview:-1\" \/>\n<link rel=\"canonical\" href=\"https:\/\/gpslonger.hu\/index.php\/gps-longer-keszulek\/\" \/>\n<script type=\"application\/ld+json\" class=\"yoast-schema-graph\">{\"@context\":\"https:\\\/\\\/schema.org\",\"@graph\":[{\"@type\":\"WebPage\",\"@id\":\"https:\\\/\\\/gpslonger.hu\\\/index.php\\\/gps-longer-keszulek\\\/\",\"url\":\"https:\\\/\\\/gpslonger.hu\\\/index.php\\\/gps-longer-keszulek\\\/\",\"name\":\"GPS Longer - GPS Longer\",\"isPartOf\":{\"@id\":\"https:\\\/\\\/gpslonger.hu\\\/#website\"},\"primaryImageOfPage\":{\"@id\":\"https:\\\/\\\/gpslonger.hu\\\/index.php\\\/gps-longer-keszulek\\\/#primaryimage\"},\"image\":{\"@id\":\"https:\\\/\\\/gpslonger.hu\\\/index.php\\\/gps-longer-keszulek\\\/#primaryimage\"},\"thumbnailUrl\":\"https:\\\/\\\/gpslonger.hu\\\/wp-content\\\/uploads\\\/2022\\\/04\\\/GPS-Longer-e1650056385846.jpg\",\"datePublished\":\"2022-04-15T12:25:56+00:00\",\"dateModified\":\"2026-04-15T08:54:10+00:00\",\"breadcrumb\":{\"@id\":\"https:\\\/\\\/gpslonger.hu\\\/index.php\\\/gps-longer-keszulek\\\/#breadcrumb\"},\"inLanguage\":\"hu\",\"potentialAction\":[{\"@type\":\"ReadAction\",\"target\":[\"https:\\\/\\\/gpslonger.hu\\\/index.php\\\/gps-longer-keszulek\\\/\"]}]},{\"@type\":\"ImageObject\",\"inLanguage\":\"hu\",\"@id\":\"https:\\\/\\\/gpslonger.hu\\\/index.php\\\/gps-longer-keszulek\\\/#primaryimage\",\"url\":\"https:\\\/\\\/gpslonger.hu\\\/wp-content\\\/uploads\\\/2022\\\/04\\\/GPS-Longer-e1650056385846.jpg\",\"contentUrl\":\"https:\\\/\\\/gpslonger.hu\\\/wp-content\\\/uploads\\\/2022\\\/04\\\/GPS-Longer-e1650056385846.jpg\",\"width\":362,\"height\":202},{\"@type\":\"BreadcrumbList\",\"@id\":\"https:\\\/\\\/gpslonger.hu\\\/index.php\\\/gps-longer-keszulek\\\/#breadcrumb\",\"itemListElement\":[{\"@type\":\"ListItem\",\"position\":1,\"name\":\"Kezd\u0151lap\",\"item\":\"https:\\\/\\\/gpslonger.hu\\\/\"},{\"@type\":\"ListItem\",\"position\":2,\"name\":\"GPS Longer\"}]},{\"@type\":\"WebSite\",\"@id\":\"https:\\\/\\\/gpslonger.hu\\\/#website\",\"url\":\"https:\\\/\\\/gpslonger.hu\\\/\",\"name\":\"GPSLonger\",\"description\":\"K\u00f6z\u00fati helymeghat\u00e1roz\u00e1s, szelv\u00e9nyez\u00e9s\",\"publisher\":{\"@id\":\"https:\\\/\\\/gpslonger.hu\\\/#organization\"},\"potentialAction\":[{\"@type\":\"SearchAction\",\"target\":{\"@type\":\"EntryPoint\",\"urlTemplate\":\"https:\\\/\\\/gpslonger.hu\\\/?s={search_term_string}\"},\"query-input\":{\"@type\":\"PropertyValueSpecification\",\"valueRequired\":true,\"valueName\":\"search_term_string\"}}],\"inLanguage\":\"hu\"},{\"@type\":\"Organization\",\"@id\":\"https:\\\/\\\/gpslonger.hu\\\/#organization\",\"name\":\"GPSLonger\",\"url\":\"https:\\\/\\\/gpslonger.hu\\\/\",\"logo\":{\"@type\":\"ImageObject\",\"inLanguage\":\"hu\",\"@id\":\"https:\\\/\\\/gpslonger.hu\\\/#\\\/schema\\\/logo\\\/image\\\/\",\"url\":\"https:\\\/\\\/gpslonger.hu\\\/wp-content\\\/uploads\\\/2022\\\/04\\\/cropped-cropped-LD_Km_logo_250-e1650109904881.png\",\"contentUrl\":\"https:\\\/\\\/gpslonger.hu\\\/wp-content\\\/uploads\\\/2022\\\/04\\\/cropped-cropped-LD_Km_logo_250-e1650109904881.png\",\"width\":286,\"height\":250,\"caption\":\"GPSLonger\"},\"image\":{\"@id\":\"https:\\\/\\\/gpslonger.hu\\\/#\\\/schema\\\/logo\\\/image\\\/\"}}]}<\/script>\n<!-- \/ Yoast SEO plugin. -->","yoast_head_json":{"title":"GPS Longer - GPS Longer","robots":{"index":"index","follow":"follow","max-snippet":"max-snippet:-1","max-image-preview":"max-image-preview:large","max-video-preview":"max-video-preview:-1"},"canonical":"https:\/\/gpslonger.hu\/index.php\/gps-longer-keszulek\/","schema":{"@context":"https:\/\/schema.org","@graph":[{"@type":"WebPage","@id":"https:\/\/gpslonger.hu\/index.php\/gps-longer-keszulek\/","url":"https:\/\/gpslonger.hu\/index.php\/gps-longer-keszulek\/","name":"GPS Longer - GPS Longer","isPartOf":{"@id":"https:\/\/gpslonger.hu\/#website"},"primaryImageOfPage":{"@id":"https:\/\/gpslonger.hu\/index.php\/gps-longer-keszulek\/#primaryimage"},"image":{"@id":"https:\/\/gpslonger.hu\/index.php\/gps-longer-keszulek\/#primaryimage"},"thumbnailUrl":"https:\/\/gpslonger.hu\/wp-content\/uploads\/2022\/04\/GPS-Longer-e1650056385846.jpg","datePublished":"2022-04-15T12:25:56+00:00","dateModified":"2026-04-15T08:54:10+00:00","breadcrumb":{"@id":"https:\/\/gpslonger.hu\/index.php\/gps-longer-keszulek\/#breadcrumb"},"inLanguage":"hu","potentialAction":[{"@type":"ReadAction","target":["https:\/\/gpslonger.hu\/index.php\/gps-longer-keszulek\/"]}]},{"@type":"ImageObject","inLanguage":"hu","@id":"https:\/\/gpslonger.hu\/index.php\/gps-longer-keszulek\/#primaryimage","url":"https:\/\/gpslonger.hu\/wp-content\/uploads\/2022\/04\/GPS-Longer-e1650056385846.jpg","contentUrl":"https:\/\/gpslonger.hu\/wp-content\/uploads\/2022\/04\/GPS-Longer-e1650056385846.jpg","width":362,"height":202},{"@type":"BreadcrumbList","@id":"https:\/\/gpslonger.hu\/index.php\/gps-longer-keszulek\/#breadcrumb","itemListElement":[{"@type":"ListItem","position":1,"name":"Kezd\u0151lap","item":"https:\/\/gpslonger.hu\/"},{"@type":"ListItem","position":2,"name":"GPS Longer"}]},{"@type":"WebSite","@id":"https:\/\/gpslonger.hu\/#website","url":"https:\/\/gpslonger.hu\/","name":"GPSLonger","description":"K\u00f6z\u00fati helymeghat\u00e1roz\u00e1s, szelv\u00e9nyez\u00e9s","publisher":{"@id":"https:\/\/gpslonger.hu\/#organization"},"potentialAction":[{"@type":"SearchAction","target":{"@type":"EntryPoint","urlTemplate":"https:\/\/gpslonger.hu\/?s={search_term_string}"},"query-input":{"@type":"PropertyValueSpecification","valueRequired":true,"valueName":"search_term_string"}}],"inLanguage":"hu"},{"@type":"Organization","@id":"https:\/\/gpslonger.hu\/#organization","name":"GPSLonger","url":"https:\/\/gpslonger.hu\/","logo":{"@type":"ImageObject","inLanguage":"hu","@id":"https:\/\/gpslonger.hu\/#\/schema\/logo\/image\/","url":"https:\/\/gpslonger.hu\/wp-content\/uploads\/2022\/04\/cropped-cropped-LD_Km_logo_250-e1650109904881.png","contentUrl":"https:\/\/gpslonger.hu\/wp-content\/uploads\/2022\/04\/cropped-cropped-LD_Km_logo_250-e1650109904881.png","width":286,"height":250,"caption":"GPSLonger"},"image":{"@id":"https:\/\/gpslonger.hu\/#\/schema\/logo\/image\/"}}]}},"_links":{"self":[{"href":"https:\/\/gpslonger.hu\/index.php\/wp-json\/wp\/v2\/pages\/155","targetHints":{"allow":["GET"]}}],"collection":[{"href":"https:\/\/gpslonger.hu\/index.php\/wp-json\/wp\/v2\/pages"}],"about":[{"href":"https:\/\/gpslonger.hu\/index.php\/wp-json\/wp\/v2\/types\/page"}],"author":[{"embeddable":true,"href":"https:\/\/gpslonger.hu\/index.php\/wp-json\/wp\/v2\/users\/1"}],"replies":[{"embeddable":true,"href":"https:\/\/gpslonger.hu\/index.php\/wp-json\/wp\/v2\/comments?post=155"}],"version-history":[{"count":98,"href":"https:\/\/gpslonger.hu\/index.php\/wp-json\/wp\/v2\/pages\/155\/revisions"}],"predecessor-version":[{"id":1674,"href":"https:\/\/gpslonger.hu\/index.php\/wp-json\/wp\/v2\/pages\/155\/revisions\/1674"}],"wp:attachment":[{"href":"https:\/\/gpslonger.hu\/index.php\/wp-json\/wp\/v2\/media?parent=155"}],"curies":[{"name":"wp","href":"https:\/\/api.w.org\/{rel}","templated":true}]}}