{"id":151,"date":"2022-04-15T13:56:47","date_gmt":"2022-04-15T11:56:47","guid":{"rendered":"https:\/\/gpslonger.hu\/?page_id=151"},"modified":"2026-04-15T10:55:15","modified_gmt":"2026-04-15T08:55:15","slug":"longerdroid","status":"publish","type":"page","link":"https:\/\/gpslonger.hu\/index.php\/longerdroid\/","title":{"rendered":"LongerDroid"},"content":{"rendered":"\n<div class=\"wp-block-columns is-layout-flex wp-container-core-columns-is-layout-28f84493 wp-block-columns-is-layout-flex\">\n<div class=\"wp-block-column is-layout-flow wp-block-column-is-layout-flow\" style=\"flex-basis:100%\">\n<div class=\"wp-block-group is-layout-flow wp-block-group-is-layout-flow\">\n<div class=\"wp-block-group is-layout-flow wp-block-group-is-layout-flow\" style=\"padding-top:0px;padding-right:0px;padding-bottom:0px;padding-left:0px\">\n<div class=\"wp-block-group has-border-color has-background-border-color is-layout-flow wp-block-group-is-layout-flow\">\n<div class=\"wp-block-group has-border-color has-background-border-color is-layout-flow wp-block-group-is-layout-flow\" style=\"border-radius:33px\">\n<div class=\"wp-block-group is-layout-flow wp-block-group-is-layout-flow\">\n<div class=\"wp-block-group is-layout-flow wp-block-group-is-layout-flow\">\n<div class=\"wp-block-group is-layout-flow wp-block-group-is-layout-flow\">\n<div class=\"wp-block-group has-border-color has-cyan-bluish-gray-border-color has-background is-layout-flow wp-block-group-is-layout-flow\" style=\"border-style:solid;border-radius:27px;background-color:#e2e2e7\">\n<div class=\"wp-block-columns is-layout-flex wp-container-core-columns-is-layout-28f84493 wp-block-columns-is-layout-flex\">\n<div class=\"wp-block-column is-layout-flow wp-block-column-is-layout-flow\" style=\"flex-basis:100%\">\n<div class=\"wp-block-group is-layout-flow wp-block-group-is-layout-flow\">\n<div class=\"wp-block-columns is-layout-flex wp-container-core-columns-is-layout-28f84493 wp-block-columns-is-layout-flex\">\n<div class=\"wp-block-column is-layout-flow wp-block-column-is-layout-flow\" style=\"flex-basis:100%\">\n<div class=\"wp-block-columns is-layout-flex wp-container-core-columns-is-layout-28f84493 wp-block-columns-is-layout-flex\">\n<div class=\"wp-block-column is-layout-flow wp-block-column-is-layout-flow\">\n<p class=\"has-large-font-size\" style=\"font-style:normal;font-weight:700\">LongerDroid Android alkalmaz\u00e1s<\/p>\n\n\n\n<figure class=\"wp-block-image alignright size-medium is-resized has-custom-border\"><img loading=\"lazy\" decoding=\"async\" width=\"169\" height=\"300\" src=\"https:\/\/gpslonger.hu\/wp-content\/uploads\/2022\/04\/Screenshot_2017-11-07-11-40-03-169x300.png\" alt=\"\" class=\"wp-image-77\" style=\"border-style:none;border-width:0px;border-radius:0px;width:252px;height:448px\" srcset=\"https:\/\/gpslonger.hu\/wp-content\/uploads\/2022\/04\/Screenshot_2017-11-07-11-40-03-169x300.png 169w, https:\/\/gpslonger.hu\/wp-content\/uploads\/2022\/04\/Screenshot_2017-11-07-11-40-03-576x1024.png 576w, https:\/\/gpslonger.hu\/wp-content\/uploads\/2022\/04\/Screenshot_2017-11-07-11-40-03.png 720w\" sizes=\"auto, (max-width: 169px) 100vw, 169px\" \/><figcaption class=\"wp-element-caption\">LongerDroid<\/figcaption><\/figure>\n\n\n\n<p class=\"has-link-color wp-elements-7b949ac47510aab24c4f1cc0ded507ec\"><strong><em>Let\u00f6lt\u00e9s:<\/em><\/strong> <a href=\"https:\/\/gpslonger.hu\/gps_upload\/LongerDroid_8.82_2026_04_14.apk\"><strong>LongerDroid_8.82_2026_04_14<\/strong><\/a>.apk<\/p>\n\n\n\n<p class=\"has-link-color has-medium-font-size wp-elements-04c3de8f8bd43c0e6008f850857542c8\"><em><strong>R\u00f6vid ismertet\u0151:<\/strong><\/em> Akt\u00edv GPS poz\u00edci\u00f3n\u00e1l folyamatosan jelenik meg a k\u00f6z\u00fati helyazonos\u00edt\u00e1s: \u00fatsz\u00e1m, \u00fatn\u00e9v, szelv\u00e9nysz\u00e1m. Fot\u00f3 k\u00e9sz\u00edt\u00e9sekor a k\u00e9pre \u00edr\u00f3dik, vide\u00f3 felv\u00e9telkor &#8222;srt&#8221; k\u00e9pal\u00e1\u00edr\u00e1ssal jelennek meg a teljes helyazonos\u00edt\u00e1s adatai. T\u00e9rk\u00e9pen, a helyzet\u00fcnk megjelen\u00edt\u00e9s\u00e9n t\u00fal: \u00fatsz\u00e1m, szelv\u00e9nysz\u00e1m, koordin\u00e1ta alapj\u00e1n kereshet\u00fcnk a helysz\u00ednre. R\u00e9szletesebb le\u00edr\u00e1s <strong><a href=\"https:\/\/gpslonger.hu\/gps_upload\/LongerDroid_leiras_8_40.pdf\">itt olvashat\u00f3<\/a>.<\/strong><\/p>\n\n\n\n<p><strong><em>\u00dajdons\u00e1g:<\/em><\/strong> <strong>8.35 verzi\u00f3t\u00f3l<\/strong> a LongerDroid mappa a <strong>Documents <\/strong>mapp\u00e1ban tal\u00e1lhat\u00f3.<\/p>\n\n\n\n<p><strong>Vide\u00f3 felv\u00e9telkor a kijelz\u0151n megjelen\u0151 helyazonos\u00edt\u00e1s az &#8222;srt&#8221; f\u00e1jlba azonnal ment\u00e9sre is ker\u00fcl<\/strong>, \u00edgy ut\u00f3lagosan a helyazonos\u00edt\u00e1st tov\u00e1bbiakban nem kell elv\u00e9gezni.<\/p>\n\n\n\n<p><strong>Megyev\u00e1laszt\u00e1s<\/strong> m\u00e1r nem sz\u00fcks\u00e9ges, mivel a rendszer egyben kezeli az eg\u00e9sz orsz\u00e1gos k\u00f6z\u00fath\u00e1l\u00f3zatot.<\/p>\n\n\n\n<p><em><strong>Telep\u00edt\u00e9s:<\/strong><\/em> Android eszk\u00f6zre k\u00f6zvetlen\u00fcl let\u00f6lt\u00f6tt \u201eapk\u201d \u00e1llom\u00e1ny Android verzi\u00f3t\u00f3l f\u00fcgg\u0151en azonnal telep\u00edthet\u0151, elutas\u00edt\u00e1s eset\u00e9n a \u201eDownload\u201d mapp\u00e1ba let\u00f6lt\u0151d\u00f6tt \u00e1llom\u00e1ny az eszk\u00f6z \u201efile\u201d kezel\u0151j\u00e9vel telep\u00edthet\u0151.<\/p>\n\n\n\n<p class=\"has-link-color wp-elements-261f74e00aa90a064fb4ca630ba4cbf4\"><strong>Play Protect<\/strong> ellen\u0151rz\u00e9st a telep\u00edt\u00e9s id\u0151tartam\u00e1ra c\u00e9lszer\u0171 kikapcsolni, mivel az alkalmaz\u00e1s nem a Google Play-r\u0151l lett let\u00f6ltve.<\/p>\n\n\n\n<p><strong>8.16 -n\u00e1l kor\u00e1bbi verzi\u00f3t <\/strong>el\u0151sz\u00f6r az eszk\u00f6z alkalmaz\u00e1s kezel\u0151j\u00e9vel t\u00f6r\u00f6lni kell, majd ezut\u00e1n telep\u00edts\u00fck az \u00faj csomagot. <\/p>\n\n\n\n<p>Friss\u00edt\u00e9skor k\u00e9s\u0151bbiekben csak az \u00faj \u201eapk\u201d let\u00f6lt\u00e9st kell telep\u00edteni, enged\u00e9lyezve a kor\u00e1bbi fel\u00fcl\u00edr\u00e1s\u00e1t.<\/p>\n\n\n\n<p>Telep\u00edt\u0151 csomag tartalmazza az aktu\u00e1lis adat\u00e1llom\u00e1nyokat, valamint l\u00e9trehozza a sz\u00fcks\u00e9ges mapp\u00e1kat.<\/p>\n\n\n\n<p class=\"has-link-color wp-elements-1af3af4315e1e9dff78366af2f86aea4\"><em><strong>Regisztr\u00e1l\u00e1s:<\/strong><\/em> Alkalmaz\u00e1s indul\u00e1sa ut\u00e1n a &#8222;Regisztr\u00e1lom&#8221; gombn\u00e1l ki\u00edrt regisztr\u00e1l\u00f3 k\u00f3dot kell elk\u00fcldeni a <a href=\"mailto:csabi@gpslonger.hu\"><strong>csabi@gpslonger.hu<\/strong><\/a><strong> <\/strong>email c\u00edmre, amire a <em>regisztr\u00e1ci\u00f3s d\u00edj rendez\u00e9se ut\u00e1n<\/em> visszak\u00fcld\u00f6m az aktiv\u00e1l\u00f3 k\u00f3dot.<\/p>\n\n\n\n<p class=\"has-link-color wp-elements-69f8116a6c13686eee5e98e0c2264243\"><strong>Regisztr\u00e1lt felhaszn\u00e1l\u00f3k<\/strong> term\u00e9szetesen megkapj\u00e1k az aktiv\u00e1l\u00f3 k\u00f3dot, ha elk\u00fcldik az \u00faj regisztr\u00e1ci\u00f3s k\u00f3dot. Tov\u00e1bbi friss\u00edt\u00e9skor az alkalmaz\u00e1s m\u00e1r nem k\u00e9r regisztr\u00e1l\u00e1st, kiv\u00e9ve k\u00e9sz\u00fcl\u00e9k csere eset\u00e9n, ami t\u00e9r\u00edt\u00e9smentes.<\/p>\n\n\n\n<p class=\"has-link-color wp-elements-e8fd1812de203d08e63ab07f3c906afa\">El\u0151zm\u00e9ny: <a href=\"https:\/\/gpslonger.hu\/gps_upload\/LongerDroid_8.70_2025_07_02.apk\">LongerDroid_8.70_2025_07_02<\/a><\/p>\n<\/div>\n<\/div>\n<\/div>\n<\/div>\n<\/div>\n<\/div>\n<\/div>\n<\/div>\n<\/div>\n<\/div>\n<\/div>\n<\/div>\n<\/div>\n<\/div>\n<\/div>\n<\/div>\n<\/div>\n\n\n\n<p><\/p>\n","protected":false},"excerpt":{"rendered":"<p>LongerDroid Android alkalmaz\u00e1s Let\u00f6lt\u00e9s: LongerDroid_8.82_2026_04_14.apk R\u00f6vid ismertet\u0151: Akt\u00edv GPS poz\u00edci\u00f3n\u00e1l folyamatosan jelenik meg a k\u00f6z\u00fati helyazonos\u00edt\u00e1s: \u00fatsz\u00e1m, \u00fatn\u00e9v, szelv\u00e9nysz\u00e1m. Fot\u00f3 k\u00e9sz\u00edt\u00e9sekor a k\u00e9pre \u00edr\u00f3dik, vide\u00f3 felv\u00e9telkor &#8222;srt&#8221; k\u00e9pal\u00e1\u00edr\u00e1ssal jelennek meg a teljes helyazonos\u00edt\u00e1s adatai. T\u00e9rk\u00e9pen, a helyzet\u00fcnk megjelen\u00edt\u00e9s\u00e9n t\u00fal: \u00fatsz\u00e1m, szelv\u00e9nysz\u00e1m, koordin\u00e1ta alapj\u00e1n kereshet\u00fcnk a helysz\u00ednre. R\u00e9szletesebb le\u00edr\u00e1s itt olvashat\u00f3. \u00dajdons\u00e1g: 8.35 verzi\u00f3t\u00f3l a LongerDroid [&hellip;]<\/p>\n","protected":false},"author":1,"featured_media":0,"parent":0,"menu_order":2,"comment_status":"closed","ping_status":"closed","template":"page-no-separators","meta":{"footnotes":""},"class_list":["post-151","page","type-page","status-publish","hentry"],"yoast_head":"<!-- This site is optimized with the Yoast SEO plugin v27.3 - https:\/\/yoast.com\/product\/yoast-seo-wordpress\/ -->\n<title>LongerDroid - GPS Longer<\/title>\n<meta name=\"robots\" content=\"index, follow, max-snippet:-1, max-image-preview:large, max-video-preview:-1\" \/>\n<link rel=\"canonical\" href=\"https:\/\/gpslonger.hu\/index.php\/longerdroid\/\" \/>\n<script type=\"application\/ld+json\" class=\"yoast-schema-graph\">{\"@context\":\"https:\\\/\\\/schema.org\",\"@graph\":[{\"@type\":\"WebPage\",\"@id\":\"https:\\\/\\\/gpslonger.hu\\\/index.php\\\/longerdroid\\\/\",\"url\":\"https:\\\/\\\/gpslonger.hu\\\/index.php\\\/longerdroid\\\/\",\"name\":\"LongerDroid - GPS Longer\",\"isPartOf\":{\"@id\":\"https:\\\/\\\/gpslonger.hu\\\/#website\"},\"primaryImageOfPage\":{\"@id\":\"https:\\\/\\\/gpslonger.hu\\\/index.php\\\/longerdroid\\\/#primaryimage\"},\"image\":{\"@id\":\"https:\\\/\\\/gpslonger.hu\\\/index.php\\\/longerdroid\\\/#primaryimage\"},\"thumbnailUrl\":\"https:\\\/\\\/gpslonger.hu\\\/wp-content\\\/uploads\\\/2022\\\/04\\\/Screenshot_2017-11-07-11-40-03-169x300.png\",\"datePublished\":\"2022-04-15T11:56:47+00:00\",\"dateModified\":\"2026-04-15T08:55:15+00:00\",\"breadcrumb\":{\"@id\":\"https:\\\/\\\/gpslonger.hu\\\/index.php\\\/longerdroid\\\/#breadcrumb\"},\"inLanguage\":\"hu\",\"potentialAction\":[{\"@type\":\"ReadAction\",\"target\":[\"https:\\\/\\\/gpslonger.hu\\\/index.php\\\/longerdroid\\\/\"]}]},{\"@type\":\"ImageObject\",\"inLanguage\":\"hu\",\"@id\":\"https:\\\/\\\/gpslonger.hu\\\/index.php\\\/longerdroid\\\/#primaryimage\",\"url\":\"https:\\\/\\\/gpslonger.hu\\\/wp-content\\\/uploads\\\/2022\\\/04\\\/Screenshot_2017-11-07-11-40-03.png\",\"contentUrl\":\"https:\\\/\\\/gpslonger.hu\\\/wp-content\\\/uploads\\\/2022\\\/04\\\/Screenshot_2017-11-07-11-40-03.png\",\"width\":720,\"height\":1280},{\"@type\":\"BreadcrumbList\",\"@id\":\"https:\\\/\\\/gpslonger.hu\\\/index.php\\\/longerdroid\\\/#breadcrumb\",\"itemListElement\":[{\"@type\":\"ListItem\",\"position\":1,\"name\":\"Kezd\u0151lap\",\"item\":\"https:\\\/\\\/gpslonger.hu\\\/\"},{\"@type\":\"ListItem\",\"position\":2,\"name\":\"LongerDroid\"}]},{\"@type\":\"WebSite\",\"@id\":\"https:\\\/\\\/gpslonger.hu\\\/#website\",\"url\":\"https:\\\/\\\/gpslonger.hu\\\/\",\"name\":\"GPSLonger\",\"description\":\"K\u00f6z\u00fati helymeghat\u00e1roz\u00e1s, szelv\u00e9nyez\u00e9s\",\"publisher\":{\"@id\":\"https:\\\/\\\/gpslonger.hu\\\/#organization\"},\"potentialAction\":[{\"@type\":\"SearchAction\",\"target\":{\"@type\":\"EntryPoint\",\"urlTemplate\":\"https:\\\/\\\/gpslonger.hu\\\/?s={search_term_string}\"},\"query-input\":{\"@type\":\"PropertyValueSpecification\",\"valueRequired\":true,\"valueName\":\"search_term_string\"}}],\"inLanguage\":\"hu\"},{\"@type\":\"Organization\",\"@id\":\"https:\\\/\\\/gpslonger.hu\\\/#organization\",\"name\":\"GPSLonger\",\"url\":\"https:\\\/\\\/gpslonger.hu\\\/\",\"logo\":{\"@type\":\"ImageObject\",\"inLanguage\":\"hu\",\"@id\":\"https:\\\/\\\/gpslonger.hu\\\/#\\\/schema\\\/logo\\\/image\\\/\",\"url\":\"https:\\\/\\\/gpslonger.hu\\\/wp-content\\\/uploads\\\/2022\\\/04\\\/cropped-cropped-LD_Km_logo_250-e1650109904881.png\",\"contentUrl\":\"https:\\\/\\\/gpslonger.hu\\\/wp-content\\\/uploads\\\/2022\\\/04\\\/cropped-cropped-LD_Km_logo_250-e1650109904881.png\",\"width\":286,\"height\":250,\"caption\":\"GPSLonger\"},\"image\":{\"@id\":\"https:\\\/\\\/gpslonger.hu\\\/#\\\/schema\\\/logo\\\/image\\\/\"}}]}<\/script>\n<!-- \/ Yoast SEO plugin. -->","yoast_head_json":{"title":"LongerDroid - GPS Longer","robots":{"index":"index","follow":"follow","max-snippet":"max-snippet:-1","max-image-preview":"max-image-preview:large","max-video-preview":"max-video-preview:-1"},"canonical":"https:\/\/gpslonger.hu\/index.php\/longerdroid\/","schema":{"@context":"https:\/\/schema.org","@graph":[{"@type":"WebPage","@id":"https:\/\/gpslonger.hu\/index.php\/longerdroid\/","url":"https:\/\/gpslonger.hu\/index.php\/longerdroid\/","name":"LongerDroid - GPS Longer","isPartOf":{"@id":"https:\/\/gpslonger.hu\/#website"},"primaryImageOfPage":{"@id":"https:\/\/gpslonger.hu\/index.php\/longerdroid\/#primaryimage"},"image":{"@id":"https:\/\/gpslonger.hu\/index.php\/longerdroid\/#primaryimage"},"thumbnailUrl":"https:\/\/gpslonger.hu\/wp-content\/uploads\/2022\/04\/Screenshot_2017-11-07-11-40-03-169x300.png","datePublished":"2022-04-15T11:56:47+00:00","dateModified":"2026-04-15T08:55:15+00:00","breadcrumb":{"@id":"https:\/\/gpslonger.hu\/index.php\/longerdroid\/#breadcrumb"},"inLanguage":"hu","potentialAction":[{"@type":"ReadAction","target":["https:\/\/gpslonger.hu\/index.php\/longerdroid\/"]}]},{"@type":"ImageObject","inLanguage":"hu","@id":"https:\/\/gpslonger.hu\/index.php\/longerdroid\/#primaryimage","url":"https:\/\/gpslonger.hu\/wp-content\/uploads\/2022\/04\/Screenshot_2017-11-07-11-40-03.png","contentUrl":"https:\/\/gpslonger.hu\/wp-content\/uploads\/2022\/04\/Screenshot_2017-11-07-11-40-03.png","width":720,"height":1280},{"@type":"BreadcrumbList","@id":"https:\/\/gpslonger.hu\/index.php\/longerdroid\/#breadcrumb","itemListElement":[{"@type":"ListItem","position":1,"name":"Kezd\u0151lap","item":"https:\/\/gpslonger.hu\/"},{"@type":"ListItem","position":2,"name":"LongerDroid"}]},{"@type":"WebSite","@id":"https:\/\/gpslonger.hu\/#website","url":"https:\/\/gpslonger.hu\/","name":"GPSLonger","description":"K\u00f6z\u00fati helymeghat\u00e1roz\u00e1s, szelv\u00e9nyez\u00e9s","publisher":{"@id":"https:\/\/gpslonger.hu\/#organization"},"potentialAction":[{"@type":"SearchAction","target":{"@type":"EntryPoint","urlTemplate":"https:\/\/gpslonger.hu\/?s={search_term_string}"},"query-input":{"@type":"PropertyValueSpecification","valueRequired":true,"valueName":"search_term_string"}}],"inLanguage":"hu"},{"@type":"Organization","@id":"https:\/\/gpslonger.hu\/#organization","name":"GPSLonger","url":"https:\/\/gpslonger.hu\/","logo":{"@type":"ImageObject","inLanguage":"hu","@id":"https:\/\/gpslonger.hu\/#\/schema\/logo\/image\/","url":"https:\/\/gpslonger.hu\/wp-content\/uploads\/2022\/04\/cropped-cropped-LD_Km_logo_250-e1650109904881.png","contentUrl":"https:\/\/gpslonger.hu\/wp-content\/uploads\/2022\/04\/cropped-cropped-LD_Km_logo_250-e1650109904881.png","width":286,"height":250,"caption":"GPSLonger"},"image":{"@id":"https:\/\/gpslonger.hu\/#\/schema\/logo\/image\/"}}]}},"_links":{"self":[{"href":"https:\/\/gpslonger.hu\/index.php\/wp-json\/wp\/v2\/pages\/151","targetHints":{"allow":["GET"]}}],"collection":[{"href":"https:\/\/gpslonger.hu\/index.php\/wp-json\/wp\/v2\/pages"}],"about":[{"href":"https:\/\/gpslonger.hu\/index.php\/wp-json\/wp\/v2\/types\/page"}],"author":[{"embeddable":true,"href":"https:\/\/gpslonger.hu\/index.php\/wp-json\/wp\/v2\/users\/1"}],"replies":[{"embeddable":true,"href":"https:\/\/gpslonger.hu\/index.php\/wp-json\/wp\/v2\/comments?post=151"}],"version-history":[{"count":362,"href":"https:\/\/gpslonger.hu\/index.php\/wp-json\/wp\/v2\/pages\/151\/revisions"}],"predecessor-version":[{"id":1675,"href":"https:\/\/gpslonger.hu\/index.php\/wp-json\/wp\/v2\/pages\/151\/revisions\/1675"}],"wp:attachment":[{"href":"https:\/\/gpslonger.hu\/index.php\/wp-json\/wp\/v2\/media?parent=151"}],"curies":[{"name":"wp","href":"https:\/\/api.w.org\/{rel}","templated":true}]}}