{"id":143,"date":"2022-04-15T13:26:11","date_gmt":"2022-04-15T11:26:11","guid":{"rendered":"https:\/\/gpslonger.hu\/?page_id=143"},"modified":"2026-03-28T22:28:07","modified_gmt":"2026-03-28T21:28:07","slug":"roadmaster","status":"publish","type":"page","link":"https:\/\/gpslonger.hu\/index.php\/roadmaster\/","title":{"rendered":"Roadmaster"},"content":{"rendered":"\n<div class=\"wp-block-columns is-layout-flex wp-container-core-columns-is-layout-28f84493 wp-block-columns-is-layout-flex\">\n<div class=\"wp-block-column is-layout-flow wp-block-column-is-layout-flow\" style=\"flex-basis:100%\">\n<div class=\"wp-block-group is-layout-flow wp-block-group-is-layout-flow\" style=\"border-radius:0px\">\n<div class=\"wp-block-group is-layout-flow wp-block-group-is-layout-flow\" style=\"border-radius:58px\">\n<div class=\"wp-block-group has-border-color has-background-border-color is-layout-flow wp-block-group-is-layout-flow\" style=\"border-radius:29px\">\n<div class=\"wp-block-group is-layout-flow wp-block-group-is-layout-flow\" style=\"border-radius:60px\">\n<div class=\"wp-block-columns is-layout-flex wp-container-core-columns-is-layout-28f84493 wp-block-columns-is-layout-flex\">\n<div class=\"wp-block-column is-layout-flow wp-block-column-is-layout-flow\">\n<div class=\"wp-block-group has-border-color has-cyan-bluish-gray-border-color has-background is-layout-flow wp-block-group-is-layout-flow\" style=\"border-style:solid;border-radius:25px;background-color:#e2e2e7\">\n<div class=\"wp-block-columns is-layout-flex wp-container-core-columns-is-layout-28f84493 wp-block-columns-is-layout-flex\">\n<div class=\"wp-block-column is-layout-flow wp-block-column-is-layout-flow\">\n<p class=\"has-large-font-size\"><strong>Roadmaster USB-GPS adapter<\/strong><\/p>\n\n\n\n<p class=\"has-link-color wp-elements-fc26ac8f80daaeba4909992a3a0480f0\"><strong><em>Let\u00f6lt\u00e9s:<\/em><\/strong> <a href=\"https:\/\/gpslonger.hu\/gps_upload\/Usb_Gps_1.0.apk\"><strong>USB_GPS_1.0<\/strong><\/a>.apk<\/p>\n\n\n\n<p class=\"has-link-color has-medium-font-size wp-elements-1e370f1c5f55b6922ac10472650a17b9\"><strong><a href=\"https:\/\/gpslonger.hu\/gps_upload\/Usb_Gps_Roadmaster.zip\">RMG_Firmware<\/a><\/strong>.zip<\/p>\n<\/div>\n\n\n\n<div class=\"wp-block-column is-layout-flow wp-block-column-is-layout-flow\">\n<figure class=\"wp-block-image size-large is-resized\"><img loading=\"lazy\" decoding=\"async\" width=\"1024\" height=\"524\" src=\"https:\/\/gpslonger.hu\/wp-content\/uploads\/2022\/04\/USB-GPS-Roadmaster-e1650217075847-1024x524.jpg\" alt=\"\" class=\"wp-image-219\" style=\"width:530px;height:auto\" srcset=\"https:\/\/gpslonger.hu\/wp-content\/uploads\/2022\/04\/USB-GPS-Roadmaster-e1650217075847-1024x524.jpg 1024w, https:\/\/gpslonger.hu\/wp-content\/uploads\/2022\/04\/USB-GPS-Roadmaster-e1650217075847-300x154.jpg 300w, https:\/\/gpslonger.hu\/wp-content\/uploads\/2022\/04\/USB-GPS-Roadmaster-e1650217075847-768x393.jpg 768w, https:\/\/gpslonger.hu\/wp-content\/uploads\/2022\/04\/USB-GPS-Roadmaster-e1650217075847-1536x787.jpg 1536w, https:\/\/gpslonger.hu\/wp-content\/uploads\/2022\/04\/USB-GPS-Roadmaster-e1650217075847.jpg 1771w\" sizes=\"auto, (max-width: 1024px) 100vw, 1024px\" \/><\/figure>\n<\/div>\n<\/div>\n\n\n\n<p class=\"has-text-align-left has-link-color wp-elements-2e86d275085a02a5ced09ac726ea39c2\">Egyedileg kifejlesztett USB_GPS ingyenes alkalmaz\u00e1ssal lehet\u0151s\u00e9g ny\u00edlik Android oper\u00e1ci\u00f3s rendszerrel rendelkez\u0151 eszk\u00f6z (telefon, tablet) \u00e9s a Roadmaster \u00f6sszekapcsol\u00e1s\u00e1ra, kihaszn\u00e1lva az eszk\u00f6z be\u00e9p\u00edtett GPS vev\u0151j\u00e9t. Az eszk\u00f6z Roadmaster-hez csatlakoz\u00e1sa ut\u00e1n folyamatosan tov\u00e1bb\u00edtja a GPS koordin\u00e1t\u00e1kat a Roadmaster-re, v\u00e9gezve a burkolat\u00e1llapot felv\u00e9telt, \u00e9vek \u00f3ta megszokott m\u00f3don. R\u00e9szletesebb le\u00edr\u00e1s <strong><a data-type=\"URL\" data-id=\"https:\/\/gpslonger.hu\/gps_upload\/Usb-Gps_Roadmaster.pdf\" href=\"https:\/\/gpslonger.hu\/gps_upload\/USB_GPS_Roadmaster.pdf\">itt olvashat\u00f3<\/a><\/strong><\/p>\n\n\n\n<p class=\"has-text-align-left has-link-color wp-elements-7800ac98b77f53fea168b691b8983050\" style=\"padding-right:0;padding-left:0\"><strong>____________________<\/strong><\/p>\n\n\n\n<div class=\"wp-block-columns is-layout-flex wp-container-core-columns-is-layout-28f84493 wp-block-columns-is-layout-flex\">\n<div class=\"wp-block-column is-layout-flow wp-block-column-is-layout-flow\" style=\"flex-basis:60%\">\n<p class=\"has-large-font-size\"><strong>Roadmaster Android<\/strong> <strong>rendszer<\/strong><\/p>\n\n\n\n<p class=\"has-link-color wp-elements-86511bf8d693a4303191bd302d791c9a\"><strong><em>Le\u00edr\u00e1s: <\/em><\/strong><a href=\"https:\/\/gpslonger.hu\/gps_upload\/RMDroid ismerteto_2025_04_02.pdf\"><strong>itt olvashat\u00f3<\/strong><\/a><\/p>\n\n\n\n<p class=\"has-text-color has-link-color wp-elements-6493a074db9601211aba29560d865671\" style=\"color:#ff0000\"><strong>Az alkalmaz\u00e1s Android 11, vagy magasabb verzi\u00f3n fut.<\/strong> Android 14-t\u0151l az OTG-USB adatkapcsolat m\u00e1r m\u0171k\u00f6dik!<\/p>\n\n\n\n<p class=\"has-link-color wp-elements-0c88a4a9b555671b19c2a7c1d4377798\"><strong><em>Let\u00f6lt\u00e9s:<\/em> <\/strong><a href=\"https:\/\/gpslonger.hu\/gps_upload\/RMDroid_1.2_2026_03_27.apk\"><strong>RMDroid_1.2_2026_03_27<\/strong><\/a>.apk<\/p>\n\n\n\n<p class=\"has-link-color wp-elements-508f319b55461bde63410cdf20710872\"><a href=\"https:\/\/gpslonger.hu\/gps_upload\/RMDroid_frissites_2026_03_27.zip\"><strong>RMDroid_Friss\u00edt\u00e9s_2026_03_27<\/strong>.<\/a>zip<\/p>\n<\/div>\n\n\n\n<div class=\"wp-block-column is-layout-flow wp-block-column-is-layout-flow\" style=\"flex-basis:60%\">\n<figure class=\"wp-block-image size-large is-resized\"><img loading=\"lazy\" decoding=\"async\" width=\"1024\" height=\"466\" src=\"https:\/\/gpslonger.hu\/wp-content\/uploads\/2025\/03\/RMD_fokep-1024x466.jpg\" alt=\"\" class=\"wp-image-1541\" style=\"width:525px;height:auto\" srcset=\"https:\/\/gpslonger.hu\/wp-content\/uploads\/2025\/03\/RMD_fokep-1024x466.jpg 1024w, https:\/\/gpslonger.hu\/wp-content\/uploads\/2025\/03\/RMD_fokep-300x137.jpg 300w, https:\/\/gpslonger.hu\/wp-content\/uploads\/2025\/03\/RMD_fokep-768x350.jpg 768w, https:\/\/gpslonger.hu\/wp-content\/uploads\/2025\/03\/RMD_fokep-1536x699.jpg 1536w, https:\/\/gpslonger.hu\/wp-content\/uploads\/2025\/03\/RMD_fokep-2048x932.jpg 2048w\" sizes=\"auto, (max-width: 1024px) 100vw, 1024px\" \/><\/figure>\n<\/div>\n<\/div>\n<\/div>\n<\/div>\n<\/div>\n<\/div>\n<\/div>\n<\/div>\n<\/div>\n<\/div>\n<\/div>\n\n\n\n<p><\/p>\n","protected":false},"excerpt":{"rendered":"<p>Roadmaster USB-GPS adapter Let\u00f6lt\u00e9s: USB_GPS_1.0.apk RMG_Firmware.zip Egyedileg kifejlesztett USB_GPS ingyenes alkalmaz\u00e1ssal lehet\u0151s\u00e9g ny\u00edlik Android oper\u00e1ci\u00f3s rendszerrel rendelkez\u0151 eszk\u00f6z (telefon, tablet) \u00e9s a Roadmaster \u00f6sszekapcsol\u00e1s\u00e1ra, kihaszn\u00e1lva az eszk\u00f6z be\u00e9p\u00edtett GPS vev\u0151j\u00e9t. Az eszk\u00f6z Roadmaster-hez csatlakoz\u00e1sa ut\u00e1n folyamatosan tov\u00e1bb\u00edtja a GPS koordin\u00e1t\u00e1kat a Roadmaster-re, v\u00e9gezve a burkolat\u00e1llapot felv\u00e9telt, \u00e9vek \u00f3ta megszokott m\u00f3don. R\u00e9szletesebb le\u00edr\u00e1s itt olvashat\u00f3 ____________________ [&hellip;]<\/p>\n","protected":false},"author":1,"featured_media":0,"parent":0,"menu_order":5,"comment_status":"closed","ping_status":"closed","template":"page-no-separators","meta":{"footnotes":""},"class_list":["post-143","page","type-page","status-publish","hentry"],"yoast_head":"<!-- This site is optimized with the Yoast SEO plugin v27.3 - https:\/\/yoast.com\/product\/yoast-seo-wordpress\/ -->\n<title>Roadmaster - GPS Longer<\/title>\n<meta name=\"robots\" content=\"index, follow, max-snippet:-1, max-image-preview:large, max-video-preview:-1\" \/>\n<link rel=\"canonical\" href=\"https:\/\/gpslonger.hu\/index.php\/roadmaster\/\" \/>\n<script type=\"application\/ld+json\" class=\"yoast-schema-graph\">{\"@context\":\"https:\\\/\\\/schema.org\",\"@graph\":[{\"@type\":\"WebPage\",\"@id\":\"https:\\\/\\\/gpslonger.hu\\\/index.php\\\/roadmaster\\\/\",\"url\":\"https:\\\/\\\/gpslonger.hu\\\/index.php\\\/roadmaster\\\/\",\"name\":\"Roadmaster - GPS Longer\",\"isPartOf\":{\"@id\":\"https:\\\/\\\/gpslonger.hu\\\/#website\"},\"primaryImageOfPage\":{\"@id\":\"https:\\\/\\\/gpslonger.hu\\\/index.php\\\/roadmaster\\\/#primaryimage\"},\"image\":{\"@id\":\"https:\\\/\\\/gpslonger.hu\\\/index.php\\\/roadmaster\\\/#primaryimage\"},\"thumbnailUrl\":\"https:\\\/\\\/gpslonger.hu\\\/wp-content\\\/uploads\\\/2022\\\/04\\\/USB-GPS-Roadmaster-e1650217075847-1024x524.jpg\",\"datePublished\":\"2022-04-15T11:26:11+00:00\",\"dateModified\":\"2026-03-28T21:28:07+00:00\",\"breadcrumb\":{\"@id\":\"https:\\\/\\\/gpslonger.hu\\\/index.php\\\/roadmaster\\\/#breadcrumb\"},\"inLanguage\":\"hu\",\"potentialAction\":[{\"@type\":\"ReadAction\",\"target\":[\"https:\\\/\\\/gpslonger.hu\\\/index.php\\\/roadmaster\\\/\"]}]},{\"@type\":\"ImageObject\",\"inLanguage\":\"hu\",\"@id\":\"https:\\\/\\\/gpslonger.hu\\\/index.php\\\/roadmaster\\\/#primaryimage\",\"url\":\"https:\\\/\\\/gpslonger.hu\\\/wp-content\\\/uploads\\\/2022\\\/04\\\/USB-GPS-Roadmaster-e1650217075847.jpg\",\"contentUrl\":\"https:\\\/\\\/gpslonger.hu\\\/wp-content\\\/uploads\\\/2022\\\/04\\\/USB-GPS-Roadmaster-e1650217075847.jpg\",\"width\":1771,\"height\":907},{\"@type\":\"BreadcrumbList\",\"@id\":\"https:\\\/\\\/gpslonger.hu\\\/index.php\\\/roadmaster\\\/#breadcrumb\",\"itemListElement\":[{\"@type\":\"ListItem\",\"position\":1,\"name\":\"Kezd\u0151lap\",\"item\":\"https:\\\/\\\/gpslonger.hu\\\/\"},{\"@type\":\"ListItem\",\"position\":2,\"name\":\"Roadmaster\"}]},{\"@type\":\"WebSite\",\"@id\":\"https:\\\/\\\/gpslonger.hu\\\/#website\",\"url\":\"https:\\\/\\\/gpslonger.hu\\\/\",\"name\":\"GPSLonger\",\"description\":\"K\u00f6z\u00fati helymeghat\u00e1roz\u00e1s, szelv\u00e9nyez\u00e9s\",\"publisher\":{\"@id\":\"https:\\\/\\\/gpslonger.hu\\\/#organization\"},\"potentialAction\":[{\"@type\":\"SearchAction\",\"target\":{\"@type\":\"EntryPoint\",\"urlTemplate\":\"https:\\\/\\\/gpslonger.hu\\\/?s={search_term_string}\"},\"query-input\":{\"@type\":\"PropertyValueSpecification\",\"valueRequired\":true,\"valueName\":\"search_term_string\"}}],\"inLanguage\":\"hu\"},{\"@type\":\"Organization\",\"@id\":\"https:\\\/\\\/gpslonger.hu\\\/#organization\",\"name\":\"GPSLonger\",\"url\":\"https:\\\/\\\/gpslonger.hu\\\/\",\"logo\":{\"@type\":\"ImageObject\",\"inLanguage\":\"hu\",\"@id\":\"https:\\\/\\\/gpslonger.hu\\\/#\\\/schema\\\/logo\\\/image\\\/\",\"url\":\"https:\\\/\\\/gpslonger.hu\\\/wp-content\\\/uploads\\\/2022\\\/04\\\/cropped-cropped-LD_Km_logo_250-e1650109904881.png\",\"contentUrl\":\"https:\\\/\\\/gpslonger.hu\\\/wp-content\\\/uploads\\\/2022\\\/04\\\/cropped-cropped-LD_Km_logo_250-e1650109904881.png\",\"width\":286,\"height\":250,\"caption\":\"GPSLonger\"},\"image\":{\"@id\":\"https:\\\/\\\/gpslonger.hu\\\/#\\\/schema\\\/logo\\\/image\\\/\"}}]}<\/script>\n<!-- \/ Yoast SEO plugin. -->","yoast_head_json":{"title":"Roadmaster - GPS Longer","robots":{"index":"index","follow":"follow","max-snippet":"max-snippet:-1","max-image-preview":"max-image-preview:large","max-video-preview":"max-video-preview:-1"},"canonical":"https:\/\/gpslonger.hu\/index.php\/roadmaster\/","schema":{"@context":"https:\/\/schema.org","@graph":[{"@type":"WebPage","@id":"https:\/\/gpslonger.hu\/index.php\/roadmaster\/","url":"https:\/\/gpslonger.hu\/index.php\/roadmaster\/","name":"Roadmaster - GPS Longer","isPartOf":{"@id":"https:\/\/gpslonger.hu\/#website"},"primaryImageOfPage":{"@id":"https:\/\/gpslonger.hu\/index.php\/roadmaster\/#primaryimage"},"image":{"@id":"https:\/\/gpslonger.hu\/index.php\/roadmaster\/#primaryimage"},"thumbnailUrl":"https:\/\/gpslonger.hu\/wp-content\/uploads\/2022\/04\/USB-GPS-Roadmaster-e1650217075847-1024x524.jpg","datePublished":"2022-04-15T11:26:11+00:00","dateModified":"2026-03-28T21:28:07+00:00","breadcrumb":{"@id":"https:\/\/gpslonger.hu\/index.php\/roadmaster\/#breadcrumb"},"inLanguage":"hu","potentialAction":[{"@type":"ReadAction","target":["https:\/\/gpslonger.hu\/index.php\/roadmaster\/"]}]},{"@type":"ImageObject","inLanguage":"hu","@id":"https:\/\/gpslonger.hu\/index.php\/roadmaster\/#primaryimage","url":"https:\/\/gpslonger.hu\/wp-content\/uploads\/2022\/04\/USB-GPS-Roadmaster-e1650217075847.jpg","contentUrl":"https:\/\/gpslonger.hu\/wp-content\/uploads\/2022\/04\/USB-GPS-Roadmaster-e1650217075847.jpg","width":1771,"height":907},{"@type":"BreadcrumbList","@id":"https:\/\/gpslonger.hu\/index.php\/roadmaster\/#breadcrumb","itemListElement":[{"@type":"ListItem","position":1,"name":"Kezd\u0151lap","item":"https:\/\/gpslonger.hu\/"},{"@type":"ListItem","position":2,"name":"Roadmaster"}]},{"@type":"WebSite","@id":"https:\/\/gpslonger.hu\/#website","url":"https:\/\/gpslonger.hu\/","name":"GPSLonger","description":"K\u00f6z\u00fati helymeghat\u00e1roz\u00e1s, szelv\u00e9nyez\u00e9s","publisher":{"@id":"https:\/\/gpslonger.hu\/#organization"},"potentialAction":[{"@type":"SearchAction","target":{"@type":"EntryPoint","urlTemplate":"https:\/\/gpslonger.hu\/?s={search_term_string}"},"query-input":{"@type":"PropertyValueSpecification","valueRequired":true,"valueName":"search_term_string"}}],"inLanguage":"hu"},{"@type":"Organization","@id":"https:\/\/gpslonger.hu\/#organization","name":"GPSLonger","url":"https:\/\/gpslonger.hu\/","logo":{"@type":"ImageObject","inLanguage":"hu","@id":"https:\/\/gpslonger.hu\/#\/schema\/logo\/image\/","url":"https:\/\/gpslonger.hu\/wp-content\/uploads\/2022\/04\/cropped-cropped-LD_Km_logo_250-e1650109904881.png","contentUrl":"https:\/\/gpslonger.hu\/wp-content\/uploads\/2022\/04\/cropped-cropped-LD_Km_logo_250-e1650109904881.png","width":286,"height":250,"caption":"GPSLonger"},"image":{"@id":"https:\/\/gpslonger.hu\/#\/schema\/logo\/image\/"}}]}},"_links":{"self":[{"href":"https:\/\/gpslonger.hu\/index.php\/wp-json\/wp\/v2\/pages\/143","targetHints":{"allow":["GET"]}}],"collection":[{"href":"https:\/\/gpslonger.hu\/index.php\/wp-json\/wp\/v2\/pages"}],"about":[{"href":"https:\/\/gpslonger.hu\/index.php\/wp-json\/wp\/v2\/types\/page"}],"author":[{"embeddable":true,"href":"https:\/\/gpslonger.hu\/index.php\/wp-json\/wp\/v2\/users\/1"}],"replies":[{"embeddable":true,"href":"https:\/\/gpslonger.hu\/index.php\/wp-json\/wp\/v2\/comments?post=143"}],"version-history":[{"count":240,"href":"https:\/\/gpslonger.hu\/index.php\/wp-json\/wp\/v2\/pages\/143\/revisions"}],"predecessor-version":[{"id":1656,"href":"https:\/\/gpslonger.hu\/index.php\/wp-json\/wp\/v2\/pages\/143\/revisions\/1656"}],"wp:attachment":[{"href":"https:\/\/gpslonger.hu\/index.php\/wp-json\/wp\/v2\/media?parent=143"}],"curies":[{"name":"wp","href":"https:\/\/api.w.org\/{rel}","templated":true}]}}